{"id":189,"date":"2023-09-18T20:57:21","date_gmt":"2023-09-18T17:57:21","guid":{"rendered":"https:\/\/gielas.fi\/?page_id=189"},"modified":"2025-02-24T09:17:29","modified_gmt":"2025-02-24T07:17:29","slug":"lomahuoneistot","status":"publish","type":"page","link":"https:\/\/gielas.fi\/en\/lomahuoneistot\/","title":{"rendered":"Holiday apartments"},"content":{"rendered":"<div class=\"wp-block-cover alignfull has-white-color has-text-color\" style=\"min-height:100vh;aspect-ratio:unset;\"><span aria-hidden=\"true\" class=\"wp-block-cover__background has-steel-background-color has-background-dim-0 has-background-dim\"><\/span><img loading=\"lazy\" decoding=\"async\" width=\"1950\" height=\"1080\" class=\"wp-block-cover__image-background wp-image-431\" alt=\"\" src=\"https:\/\/gielas.fi\/wp-content\/uploads\/2023\/09\/Perskis7_5b_web.jpg\" data-object-fit=\"cover\" srcset=\"https:\/\/gielas.fi\/wp-content\/uploads\/2023\/09\/Perskis7_5b_web.jpg 1950w, https:\/\/gielas.fi\/wp-content\/uploads\/2023\/09\/Perskis7_5b_web-1024x567.jpg 1024w, https:\/\/gielas.fi\/wp-content\/uploads\/2023\/09\/Perskis7_5b_web-1536x851.jpg 1536w\" sizes=\"auto, (max-width: 1950px) 100vw, 1950px\" \/><div class=\"wp-block-cover__inner-container is-layout-flow wp-block-cover-is-layout-flow\">\n<h1 class=\"wp-block-heading has-text-align-center has-white-color has-text-color\">Holiday apartments<\/h1>\n<\/div><\/div>\n\n\n\n<h2 class=\"wp-block-heading\" style=\"text-transform:uppercase\">Go skiing directly from your doorstep<\/h2>\n\n\n\n<p class=\"has-large-font-size\">The 22 lovely holiday apartments to be built on the slopes of Utsuvaara, in the heart of Levi, are suitable for holidaymakers with a large group, telecommuters and investors alike.<\/p>\n\n\n\n<p>All apartments have direct door access to the ski slopes. The area also offers excellent opportunities for mountain biking, hiking and spotting the Northern Lights.<\/p>\n\n\n\n<p>Choose from 89 m2<sup>2<\/sup>magnificent three-storey chalet to 45 m2 compact holiday house.<sup>2<\/sup>All apartments have a private sauna, 2 toilets, high windows and a spacious glazed balcony or terrace where you can enjoy the scenery of Lapland all year round.<\/p>\n\n\n\n<div class=\"wp-block-buttons is-vertical is-layout-flex wp-container-core-buttons-is-layout-fe9cc265 wp-block-buttons-is-layout-flex\">\n<div class=\"wp-block-button\"><a class=\"wp-block-button__link wp-element-button\">Find out more about the site (pdf)<\/a><\/div>\n\n\n\n<div class=\"wp-block-button\"><a class=\"wp-block-button__link wp-element-button\" href=\"https:\/\/gielas.fi\/en\/sisustus\/\">Explore the interior design options<\/a><\/div>\n<\/div>\n\n\n\n<div class=\"wp-block-cover alignfull is-light has-parallax\" style=\"min-height:75vh;aspect-ratio:unset;\"><span aria-hidden=\"true\" class=\"wp-block-cover__background has-background-dim-0 has-background-dim\"><\/span><div class=\"wp-block-cover__image-background wp-image-275 has-parallax\" style=\"background-position:50% 50%;background-image:url(https:\/\/gielas.fi\/wp-content\/uploads\/2023\/09\/Q6A7531.jpg)\"><\/div><div class=\"wp-block-cover__inner-container has-global-padding is-layout-constrained wp-block-cover-is-layout-constrained\">\n<p class=\"has-text-align-center has-large-font-size\"><\/p>\n<\/div><\/div>\n\n\n\n<div class=\"wp-block-cover alignfull is-light\"><span aria-hidden=\"true\" class=\"wp-block-cover__background has-light-sand-background-color has-background-dim\"><\/span><img loading=\"lazy\" decoding=\"async\" width=\"2048\" height=\"1280\" class=\"wp-block-cover__image-background wp-image-252\" alt=\"\" src=\"https:\/\/gielas.fi\/wp-content\/uploads\/2023\/09\/utsuvaara-topografia3-bg-light.png\" data-object-fit=\"cover\" srcset=\"https:\/\/gielas.fi\/wp-content\/uploads\/2023\/09\/utsuvaara-topografia3-bg-light.png 2048w, https:\/\/gielas.fi\/wp-content\/uploads\/2023\/09\/utsuvaara-topografia3-bg-light-1024x640.png 1024w, https:\/\/gielas.fi\/wp-content\/uploads\/2023\/09\/utsuvaara-topografia3-bg-light-768x480.png 768w, https:\/\/gielas.fi\/wp-content\/uploads\/2023\/09\/utsuvaara-topografia3-bg-light-1536x960.png 1536w\" sizes=\"auto, (max-width: 2048px) 100vw, 2048px\" \/><div class=\"wp-block-cover__inner-container is-layout-flow wp-block-cover-is-layout-flow\">\n<h5 class=\"wp-block-heading has-text-align-left has-heading-4-font-size\">Greetings from the architect: <\/h5>\n\n\n\n<h3 class=\"wp-block-heading has-text-align-left has-heading-1-font-size\">Inspired by the rugged beauty of Lapland<\/h3>\n\n\n\n<p class=\"has-large-font-size\">Utsuvaara's Gielas is inspired by the ruggedly beautiful landscapes of the surrounding Lapland, and the buildings' formal language has an edgy, stonework-like edge. The ground floor apartments are clad in sturdy slate, while the upper floors are clad in coniferous wood.<\/p>\n\n\n\n<div class=\"wp-block-columns is-layout-flex wp-container-core-columns-is-layout-159f51c6 wp-block-columns-is-layout-flex\" style=\"margin-top:0\">\n<div class=\"wp-block-column is-layout-flow wp-block-column-is-layout-flow\">\n<p>The apartments in A wing face the majestic peak of Levi, while those in B wing look out over the slopes towards the southern fells.<\/p>\n\n\n\n<p>Utsuvaara Gielas is an exceptional location, even by Lapland standards. The apartments are built with special care, respecting the surrounding nature.<\/p>\n\n\n\n<p>A safe and intimate atmosphere is created in the courtyard. It is completed by a common fireplace where you can sit down at the end of a day of outdoor activities.<\/p>\n<\/div>\n\n\n\n<div class=\"wp-block-column is-layout-flow wp-block-column-is-layout-flow\">\n<figure class=\"wp-block-image size-full\"><img loading=\"lazy\" decoding=\"async\" width=\"2048\" height=\"1536\" src=\"https:\/\/gielas.fi\/wp-content\/uploads\/2023\/09\/perskis6_5_rajaus2-webcrop.jpg\" alt=\"\" class=\"wp-image-310\" style=\"aspect-ratio:3\/2;object-fit:cover\" srcset=\"https:\/\/gielas.fi\/wp-content\/uploads\/2023\/09\/perskis6_5_rajaus2-webcrop.jpg 2048w, https:\/\/gielas.fi\/wp-content\/uploads\/2023\/09\/perskis6_5_rajaus2-webcrop-1024x768.jpg 1024w, https:\/\/gielas.fi\/wp-content\/uploads\/2023\/09\/perskis6_5_rajaus2-webcrop-1536x1152.jpg 1536w\" sizes=\"auto, (max-width: 2048px) 100vw, 2048px\" \/><\/figure>\n<\/div>\n<\/div>\n<\/div><\/div>\n\n\n\n<h3 class=\"wp-block-heading has-text-align-center has-nantes-font-family has-heading-2-font-size\">Holiday apartments<\/h3>\n\n\n\n<section class=\"wp-block-cover alignfull is-light apartments\" id=\"asunnot\"><span aria-hidden=\"true\" class=\"wp-block-cover__background has-white-background-color has-background-dim-100 has-background-dim\"><\/span><div class=\"wp-block-cover__inner-container is-layout-flow wp-block-cover-is-layout-flow\">\r\n<a name=\"asunnot\"><\/a>\r\n\r\n<div id=\"floormaps\" class=\"grid-x grid-margin-x floormaps align-center\">\r\n\t<div id=\"floormaps-bg\" class=\"small-12 medium-8 large-7 cell\" style=\"background-image: url(https:\/\/gielas.fi\/wp-content\/uploads\/2023\/09\/gielas-kerrosleikkuri-bg.svg);\">\r\n\t\t\t<div class=\"floormap\" data-floor=\"1\">\r\n\t\t\t<?xml version=\"1.0\" encoding=\"UTF-8\"?>\n<svg id=\"Layer_2\" data-name=\"Layer 2\" xmlns=\"http:\/\/www.w3.org\/2000\/svg\" width=\"1231.2\" height=\"1230.17\" viewbox=\"0 0 1231.2 1230.17\">\n  <g id=\"KRS1\">\n    <rect width=\"1231.2\" height=\"1230.17\" style=\"fill: none; stroke-width: 0px;\"\/>\n    \n    <polygon class=\"apartment\" data-aptid=\"339\" data-status=\"0\" href=\"#ac-0\" points=\"424.7 274.65 592.19 319.6 597.8 298.92 569.97 251.8 461.71 222.42 428.77 242.04 422.64 264.93 427.07 265.79 424.7 274.65\" style=\"fill: #f0f0ef; stroke-width: 0px;\"\/>\n    \n    <path class=\"apartment\" data-aptid=\"340\" data-status=\"0\" href=\"#ac-1\" d=\"m424.7,274.65l129.77,34.97-17.79,66.35-130-34.75,2.73-10.2-4.16-1.23,12.15-46.52,4.4,1.01,2.91-9.63Zm128.55,105.42l21.26,5.7,6.01-22.41-21.26-5.7-6.01,22.41Z\" style=\"fill: #f0f0ef; stroke-width: 0px;\"\/>\n    \n    <path class=\"apartment\" data-aptid=\"341\" data-status=\"0\" href=\"#ac-2\" d=\"m553.19,380.28l21.26,5.7-6.01,22.41-21.26-5.7,6.01-22.41Zm-164.23,28.09l129.71,34.72,18-67.13-130-34.75-2.73,10.19-4.16-1.23-12.54,46.75,4.45,1.26-2.73,10.19Z\" style=\"fill: #f0f0ef; stroke-width: 0px;\"\/>\n    \n    <path class=\"apartment\" data-aptid=\"342\" data-status=\"0\" href=\"#ac-3\" d=\"m523.41,491.36l21.26,5.7-6.01,22.41-21.26-5.7,6.01-22.41Zm-152.43-16.37l129.86,34.62,17.84-66.51-129.71-34.72-2.65,9.88-4.45-1.26-12.87,46.75,4.65,1.35-2.65,9.88Z\" style=\"fill: #f0f0ef; stroke-width: 0px;\"\/>\n    \n    <path class=\"apartment\" data-aptid=\"343\" data-status=\"0\" href=\"#ac-4\" d=\"m517.34,513.98l21.26,5.7-6.01,22.41-21.26-5.7,6.01-22.41Zm-164.34,28.02l129.88,34.56,17.96-66.96-129.86-34.62-2.71,10.11-4.46-1.32-12.38,46.71,4.27,1.48-2.69,10.04Z\" style=\"fill: #f0f0ef; stroke-width: 0px;\"\/>\n    \n    <path class=\"apartment\" data-aptid=\"344\" data-status=\"0\" href=\"#ac-5\" d=\"m481.57,647.38l21.26,5.7-6.01,22.41-21.26-5.7,6.01-22.41Zm-144.94,36.93l109.69,28.59,18.6-69.36-129.49-34.82-3.09,11.54-4.67-1.16-8.95,33.36,17.91,31.84Z\" style=\"fill: #f0f0ef; stroke-width: 0px;\"\/>\n    \n    <path class=\"apartment\" data-aptid=\"351\" data-status=\"0\" href=\"#ac-12\" d=\"m543.92,783.36l5.7-21.26,22.41,6.01-5.7,21.26-22.41-6.01Zm-81.43,96.8l18.87,32.59,36.62,9.82,1.34-4.99,11.81,3.17,30.71-114.51-74.09-19.87-25.26,93.78Z\" style=\"fill: #f0f0ef; stroke-width: 0px;\"\/>\n    \n    <path class=\"apartment\" data-aptid=\"352\" data-status=\"0\" href=\"#ac-13\" d=\"m566.54,789.42l5.7-21.26,22.41,6.01-5.7,21.26-22.41-6.01Zm-35.41,130.5l9.88,2.65-1.39,5.9,50.46,13.53,1.46-5.36,9.52,2.55,30.94-114.14-70.16-18.81-30.71,113.68Z\" style=\"fill: #f0f0ef; stroke-width: 0px;\"\/>\n    \n    <path class=\"apartment\" data-aptid=\"353\" data-status=\"0\" href=\"#ac-14\" d=\"m684.06,820.94l5.7-21.26,22.41,6.01-5.7,21.26-22.41-6.01Zm-83.12,118.69l10.01,2.43-1.36,5.08,50.41,13.52,1.72-5.2,10.16,2.73,30.33-114.32-70.22-18.83-31.05,114.6Z\" style=\"fill: #f0f0ef; stroke-width: 0px;\"\/>\n   \n    <path class=\"apartment\" data-aptid=\"354\" data-status=\"0\" href=\"#ac-15\" d=\"m706.68,827l5.7-21.26,22.41,6.01-5.7,21.26-22.41-6.01Zm-34.8,131.18l9.54,2.56-1.31,5.47,50.26,13.48,1.23-5.59,10.11,2.71,30.74-114.12-70.25-18.84-30.33,114.32Z\" style=\"fill: #f0f0ef; stroke-width: 0px;\"\/>\n    \n    <path class=\"apartment\" data-aptid=\"355\" data-status=\"0\" href=\"#ac-16\" d=\"m774.7,845.24l5.7-21.26,24.46,6.56-5.7,21.26-24.46-6.56Zm-32.97,131.58l7.08,1.9-.97,5.49,40.36,10.82,32.75-18.96,25.02-93.67-73.5-19.71-30.74,114.12Z\" style=\"fill: #f0f0ef; stroke-width: 0px;\"\/>\n    \n    <path d=\"m469,224.75l100.96,27.07-123.81,461.73-100.96-27.07,123.81-461.73Zm209.75,363.69l66.47,17.82,67.08-250.17-66.47-17.82-67.08,250.17Zm6.69-24.94l66.47,17.82,51.21-190.96-66.47-17.82-51.21,190.96Zm-11,41.02l66.47,17.82,4.31-16.08-66.47-17.82-4.31,16.08Zm-355.85,48.39l18.03,31.4,8.53,2.29,15.71-58.58-33.21-8.9-9.06,33.8Zm14.87-55.46l33.21,8.9,12.54-46.75-33.21-8.9-12.54,46.75Zm17.96-66.97l33.21,8.9,12.54-46.75-33.21-8.9-12.54,46.75Zm17.9-66.74l33.21,8.9,12.54-46.75-33.21-8.9-12.54,46.75Zm17.92-66.82l33.21,8.9,12.54-46.75-33.21-8.9-12.54,46.75Zm17.9-66.74l33.21,8.9,12.54-46.75-33.21-8.9-12.54,46.75Zm17.5-65.27l32.89,8.82,13.49-49.02-7.55-2.37-32.69,19.68-6.14,22.89Zm169.56,54.67l-37.75-9.91m291.63,572.32l-358.21-96.07-23.59,87.97,358.21,96.07,23.59-87.97Zm-319.52,8.6l-62.38-16.73-1.68,6.28,18.72,32.55,36.78,9.86,8.57-31.96Zm72.12,19.34l-50.46-13.53-8.57,31.96,50.46,13.53,8.57-31.96Zm69.91,18.75l-50.41-13.52-8.57,31.96,50.41,13.52,8.57-31.96Zm70.41,18.88l-50.26-13.48-8.57,31.96,50.26,13.48,8.57-31.96Zm83.58,22.42l-66.17-17.75-8.57,31.96,40.36,10.82,32.75-18.96,1.63-6.08Zm-499.08-318.1l20.57,34.27,120.61,32.34,31.88-42.02,12.38-46.17-6.44-48.55,29.84-38.72,12.87-47.98-7.06-47.16,29.85-37.83,29.8-111.12-27.82-47.15-101.58-27.29-35.53,19.57-109.35,407.8Zm522.61,230.01l-32.8-48.89-123.35-33.08-52.87,5.39-42.93-31.09-44.53-12.13-56.77,5.61-28.82,106.83,20.58,33.67,304.07,81.55,33.44-18.45,23.98-89.41Zm-399.95-168.36l-9.67,32.58,18.55,31.76,32.84,8.04,4.99-17.61-28.18-49.81-18.52-4.97Zm-9.67,32.58l-46.76,27,18.61,32.23,46.76-27-18.61-32.23Zm-29.77,17.19l18.94,32.03m20.91-31.76l-29.47,17.28m36.21-498.3l101.14,27.12,15.52-57.88-101.14-27.12-15.52,57.88Zm83.37,93.41l17.79-66.35-129.77-34.97m128.55,105.42l21.26,5.7,6.01-22.41-21.26-5.7-6.01,22.41Zm-6.07,22.62l21.26,5.7,6.01-22.41-21.26-5.7-6.01,22.41Zm-29.78,111.07l21.26,5.7,6.01-22.41-21.26-5.7-6.01,22.41Zm-6.07,22.62l21.26,5.7,6.01-22.41-21.26-5.7-6.01,22.41Zm-29.7,110.78l21.26,5.7,6.01-22.41-21.26-5.7-6.01,22.41Zm-6.07,22.62l21.26,5.7,6.01-22.41-21.26-5.7-6.01,22.41Zm90.77,119.58l5.7-21.26-22.41-6.01-5.7,21.26,22.41,6.01Zm22.62,6.07l5.7-21.26-22.41-6.01-5.7,21.26,22.41,6.01Zm117.52,31.51l5.7-21.26-22.41-6.01-5.7,21.26,22.41,6.01Zm92.68,24.85l5.7-21.26-24.46-6.56-5.7,21.26,24.46,6.56Zm-70.06-18.79l5.7-21.26-22.41-6.01-5.7,21.26,22.41,6.01Zm-210.42-389.92l18-67.13-130-34.75m-6.79,141.32l100.96,27.07,17.84-66.51-129.71-34.72m-35.96,133.63l129.88,34.56,17.96-66.96-129.86-34.62m-7.02,141.49l100.96,27.07,17.96-66.98-100.96-27.07-17.96,66.98Zm82.19,97.07l18.77-70-129.49-34.82m128.84,265.18l74.09,19.87,23.58-87.95-74.09-19.87-23.58,87.95Zm144.25,38.68l23.58-87.95-70.16-18.81-30.82,114.92m147.62,10.66l23.58-87.95-70.22-18.83-31.05,114.58m140.67,37.63l30.85-114.53-70.25-18.84-30.44,114.73m77.11-7.95l73.5,19.71,23.58-87.95-73.5-19.71-23.58,87.95Zm-240.37-322.22l61.14,16.39,3.88-14.47-67.15-18.01,2.13,16.09Z\" style=\"fill: none; stroke: #082932; stroke-miterlimit: 10; stroke-width: .77px;\"\/>\n  <\/g>\n<\/svg>\t\t<\/div>\r\n\t\t\t<div class=\"floormap hide\" data-floor=\"2\">\r\n\t\t\t<?xml version=\"1.0\" encoding=\"UTF-8\"?>\n<svg id=\"Layer_2\" data-name=\"Layer 2\" xmlns=\"http:\/\/www.w3.org\/2000\/svg\" width=\"1231.2\" height=\"1230.17\" viewbox=\"0 0 1231.2 1230.17\">\n  <g id=\"KRS2\">\n    <rect width=\"1231.2\" height=\"1230.17\" style=\"fill: none; stroke-width: 0px;\"\/>\n    \n    <polygon class=\"apartment\" data-aptid=\"339\" data-status=\"0\" href=\"#ac-0\" points=\"424.7 274.65 592.19 319.6 597.8 298.92 569.97 251.8 461.71 222.42 428.77 242.04 422.64 264.93 427.07 265.79 424.7 274.65\" style=\"fill: #f0f0ef; stroke-width: 0px;\"\/>\n    \n    <path class=\"apartment\" data-aptid=\"345\" data-status=\"0\" href=\"#ac-6\" d=\"m481.57,647.38l21.26,5.7-6.01,22.41-21.26-5.7,6.01-22.41Zm-144.94,36.93l109.69,28.59,18.6-69.36-129.49-34.82-3.09,11.54-4.67-1.16-8.95,33.36,17.91,31.84Z\" style=\"fill: #f0f0ef; stroke-width: 0px;\"\/>\n    \n    <path class=\"apartment\" data-aptid=\"346\" data-status=\"0\" href=\"#ac-7\" d=\"m487.64,624.76l21.26,5.7-6.01,22.41-21.26-5.7,6.01-22.41Zm-152.57-16.03l129.85,34.82,17.96-66.98-129.85-34.82-2.7,10.08-4.5-1.03-12.4,46.59,4.31,1.16-2.67,10.19Z\" style=\"fill: #f0f0ef; stroke-width: 0px;\"\/>\n    \n    <path class=\"apartment\" data-aptid=\"347\" data-status=\"0\" href=\"#ac-8\" d=\"m517.34,513.98l21.26,5.7-6.01,22.41-21.26-5.7,6.01-22.41Zm-163.88,27.77l129.42,34.82,17.96-66.96-129.86-34.62-2.71,10.11-4.33-1.28-12.89,46.68,4.75,1.16-2.33,10.1Z\" style=\"fill: #f0f0ef; stroke-width: 0px;\"\/>\n    \n    <path class=\"apartment\" data-aptid=\"348\" data-status=\"0\" href=\"#ac-9\" d=\"m523.41,491.36l21.26,5.7-6.01,22.41-21.26-5.7,6.01-22.41Zm-152.43-16.37l129.86,34.62,17.84-66.51-129.71-34.72-2.65,9.88-4.45-1.26-12.54,46.75,4.31,1.35-2.65,9.88Z\" style=\"fill: #f0f0ef; stroke-width: 0px;\"\/>\n    \n    <path class=\"apartment\" data-aptid=\"349\" data-status=\"0\" href=\"#ac-10\" d=\"m553.19,380.28l21.26,5.7-6.01,22.41-21.26-5.7,6.01-22.41Zm-164.37,27.99l129.85,34.82,18-67.13-129.85-34.82-2.88,10.01-4.33-1.11-12.14,46.6,4.31,1.16-2.97,10.46Z\" style=\"fill: #f0f0ef; stroke-width: 0px;\"\/>\n    \n    <path class=\"apartment\" data-aptid=\"350\" data-status=\"0\" href=\"#ac-11\" d=\"m424.7,274.65l129.77,34.97-17.79,66.35-129.85-34.82,2.63-9.8-4.21-1.36,12.23-46.86,4.59,1.33,2.63-9.8Zm128.55,105.42l21.26,5.7,6.01-22.41-21.26-5.7-6.01,22.41Z\" style=\"fill: #f0f0ef; stroke-width: 0px;\"\/>\n    \n    <path class=\"apartment\" data-aptid=\"356\" data-status=\"0\" href=\"#ac-17\" d=\"m543.92,783.36l5.7-21.26,22.41,6.01-5.7,21.26-22.41-6.01Zm-81.43,96.8l18.87,32.59,36.62,9.82,1.3-5.48,11.92,3.2,30.63-114.05-74.09-19.87-25.26,93.78Z\" style=\"fill: #f0f0ef; stroke-width: 0px;\"\/>\n    \n    <path class=\"apartment\" data-aptid=\"357\" data-status=\"0\" href=\"#ac-18\" d=\"m566.54,788.86l5.7-21.26,22.41,6.01-5.7,21.26-22.41-6.01Zm-35.34,131.43l9.58,2.57-1.14,4.96,50.44,13.62,1.35-4.48,9.51,2.68,31.05-115.14-70.16-18.81-30.63,114.61Z\" style=\"fill: #f0f0ef; stroke-width: 0px;\"\/>\n    \n    <path class=\"apartment\" data-aptid=\"358\" data-status=\"0\" href=\"#ac-19\" d=\"m684.06,820.94l5.7-21.26,22.41,6.01-5.7,21.26-22.41-6.01Zm-82.58,118.62l9.48,2.5-1.35,5.04,50.4,13.56,1.18-5.5,10.16,2.72,30.87-114.02-70.22-18.83-30.52,114.52Z\" style=\"fill: #f0f0ef; stroke-width: 0px;\"\/>\n    \n    <path class=\"apartment\" data-aptid=\"359\" data-status=\"0\" href=\"#ac-20\" d=\"m706.68,827l5.7-21.26,22.41,6.01-5.7,21.26-22.41-6.01Zm-35.33,130.88l10.35,2.77-1.57,5.56,50.3,13.32,1.42-4.85,9.88,2.13,30.74-114.12-70.25-18.84-30.87,114.02Z\" style=\"fill: #f0f0ef; stroke-width: 0px;\"\/>\n    \n    <path class=\"apartment\" data-aptid=\"360\" data-status=\"0\" href=\"#ac-21\" d=\"m774.7,845.24l5.7-21.26,24.46,6.56-5.7,21.26-24.46-6.56Zm-32.97,131.58l7.08,1.9-.97,5.49,40.36,10.82,32.75-18.96,25.02-93.67-73.5-19.71-30.74,114.12Z\" style=\"fill: #f0f0ef; stroke-width: 0px;\"\/>\n    \n    <path d=\"m469,224.75l100.96,27.07-123.81,461.73-100.96-27.07,123.81-461.73Zm209.75,363.69l66.47,17.82,67.08-250.17-66.47-17.82-67.08,250.17Zm6.69-24.94l66.47,17.82,51.21-190.96-66.47-17.82-51.21,190.96Zm-11,41.02l66.47,17.82,4.31-16.08-66.47-17.82-4.31,16.08Zm-355.85,48.39l18.03,31.4,8.53,2.29,15.71-58.58-33.21-8.9-9.06,33.8Zm14.87-55.46l33.21,8.9,12.54-46.75-33.21-8.9-12.54,46.75Zm17.96-66.97l33.21,8.9,12.54-46.75-33.21-8.9-12.54,46.75Zm17.9-66.74l33.21,8.9,12.54-46.75-33.21-8.9-12.54,46.75Zm17.92-66.82l33.21,8.9,12.54-46.75-33.21-8.9-12.54,46.75Zm17.9-66.74l33.21,8.9,12.54-46.75-33.21-8.9-12.54,46.75Zm17.5-65.27l32.89,8.82,13.49-49.02-7.55-2.37-32.69,19.68-6.14,22.89Zm169.56,54.67l-37.75-9.91m291.63,572.32l-358.21-96.07-23.59,87.97,358.21,96.07,23.59-87.97Zm-319.52,8.6l-62.38-16.73-1.68,6.28,18.72,32.55,36.78,9.86,8.57-31.96Zm72.12,19.34l-50.46-13.53-8.57,31.96,50.46,13.53,8.57-31.96Zm69.91,18.75l-50.41-13.52-8.57,31.96,50.41,13.52,8.57-31.96Zm70.41,18.88l-50.26-13.48-8.57,31.96,50.26,13.48,8.57-31.96Zm83.58,22.42l-66.17-17.75-8.57,31.96,40.36,10.82,32.75-18.96,1.63-6.08Zm-499.08-318.1l20.57,34.27,120.61,32.34,31.88-42.02,12.38-46.17-6.44-48.55,29.84-38.72,12.87-47.98-7.06-47.16,29.85-37.83,29.8-111.12-27.82-47.15-101.58-27.29-35.53,19.57-109.35,407.8Zm522.61,230.01l-32.8-48.89-123.35-33.08-52.87,5.39-42.93-31.09-44.53-12.13-56.77,5.61-28.82,106.83,20.58,33.67,304.07,81.55,33.44-18.45,23.98-89.41Zm-399.95-168.36l-9.67,32.58,18.55,31.76,32.84,8.04,4.99-17.61-28.18-49.81-18.52-4.97Zm-9.67,32.58l-46.76,27,18.61,32.23,46.76-27-18.61-32.23Zm-29.77,17.19l18.94,32.03m20.91-31.76l-29.47,17.28m36.21-498.3l101.14,27.12,15.52-57.88-101.14-27.12-15.52,57.88Zm83.37,93.41l17.79-66.35-129.77-34.97m128.55,105.42l21.26,5.7,6.01-22.41-21.26-5.7-6.01,22.41Zm-6.07,22.62l21.26,5.7,6.01-22.41-21.26-5.7-6.01,22.41Zm-29.78,111.07l21.26,5.7,6.01-22.41-21.26-5.7-6.01,22.41Zm-6.07,22.62l21.26,5.7,6.01-22.41-21.26-5.7-6.01,22.41Zm-29.7,110.78l21.26,5.7,6.01-22.41-21.26-5.7-6.01,22.41Zm-6.07,22.62l21.26,5.7,6.01-22.41-21.26-5.7-6.01,22.41Zm90.77,119.58l5.7-21.26-22.41-6.01-5.7,21.26,22.41,6.01Zm22.62,6.07l5.7-21.26-22.41-6.01-5.7,21.26,22.41,6.01Zm117.52,31.51l5.7-21.26-22.41-6.01-5.7,21.26,22.41,6.01Zm92.68,24.85l5.7-21.26-24.46-6.56-5.7,21.26,24.46,6.56Zm-70.06-18.79l5.7-21.26-22.41-6.01-5.7,21.26,22.41,6.01Zm-210.42-389.92l18-67.13-130-34.75m-6.79,141.32l100.96,27.07,17.84-66.51-129.71-34.72m-35.96,133.63l129.88,34.56,17.96-66.96-129.86-34.62m-7.02,141.49l100.96,27.07,17.96-66.98-100.96-27.07-17.96,66.98Zm82.19,97.07l18.77-70-129.49-34.82m128.84,265.18l74.09,19.87,23.58-87.95-74.09-19.87-23.58,87.95Zm144.25,38.68l23.58-87.95-70.16-18.81-30.82,114.92m147.62,10.66l23.58-87.95-70.22-18.83-31.05,114.58m140.67,37.63l30.85-114.53-70.25-18.84-30.44,114.73m77.11-7.95l73.5,19.71,23.58-87.95-73.5-19.71-23.58,87.95Zm-240.37-322.22l61.14,16.39,3.88-14.47-67.15-18.01,2.13,16.09Z\" style=\"fill: none; stroke: #082932; stroke-miterlimit: 10; stroke-width: .77px;\"\/>\n  <\/g>\n<\/svg>\t\t<\/div>\r\n\t\t<\/div>\r\n\r\n\t\r\n\t\t<div class=\"small-12 medium-8 large-7 cell text-center\">\r\n\t\t<span>N\u00e4yt\u00e4 kerros<\/span>\r\n\t\t<ul id=\"floor-selector\" class=\"text-center\">\r\n\t\t\t\t\t\t<li class=\"floor active\" data-floor=\"1\">\r\n\t\t\t\t1\t\t\t<\/li>\r\n\t\t\t\t\t\t<li class=\"floor\" data-floor=\"2\">\r\n\t\t\t\t2\t\t\t<\/li>\r\n\t\t\t\t\t<\/ul>\r\n\t<\/div>\r\n\t<\/div>\r\n\r\n<\/div><\/section>\n\n\n\n<hr class=\"wp-block-separator has-text-color has-light-gray-color has-alpha-channel-opacity has-light-gray-background-color has-background\"\/>\n\n\n\n<h3 class=\"wp-block-heading has-nantes-font-family has-heading-2-font-size\">The charm of Lapland attracts holidaymakers - high demand for quality resorts<\/h3>\n\n\n\n<p class=\"has-large-font-size\">There is a strong demand for quality holiday apartments in Levi: more than 750 000 holidaymakers visit Levi every year. The summer season now lasts almost all year round: the slope season in Levi starts as early as October and lasts well into May. Summer tourism is booming and the Lapland Rust is attracting crowds just before the skiing season.<\/p>\n\n\n\n<p>Located right next to ski slopes, trails and outdoor trails, Utsuvaara Gielas is the perfect choice for investment in Lapland's growing tourism demand. The unique location of the apartments allows them to stand out from the rest of the accommodation in the area<\/p>\n\n\n\n<p>The architecture, design and equipment of the property are perfectly suited to the needs of today's tenant. And there's no need to worry about maintenance, as Levi has plenty of services to make renting a holiday apartment truly hassle-free.<\/p>\n\n\n\n<div class=\"wp-block-buttons is-vertical is-layout-flex wp-container-core-buttons-is-layout-fe9cc265 wp-block-buttons-is-layout-flex\">\n<div class=\"wp-block-button\"><a class=\"wp-block-button__link wp-element-button\" href=\"https:\/\/gielas.fi\/en\/tiedostot\/aava-levi-esittely\/?tmstv=1695129359\" target=\"_blank\" rel=\"noreferrer noopener\">Discover the services of Aava Levi<\/a><\/div>\n\n\n\n<div class=\"wp-block-button\"><a class=\"wp-block-button__link wp-element-button\" href=\"https:\/\/gielas.fi\/en\/tiedostot\/mokkivuokra-fi-esittely\/?tmstv=1695129384\" target=\"_blank\" rel=\"noreferrer noopener\">Check out the services of M\u00f6kkivuokra<\/a><\/div>\n\n\n\n<div class=\"wp-block-button\"><a class=\"wp-block-button__link wp-element-button\" href=\"https:\/\/www.levi.fi\/info\/visit-levi\/lomahuoneiston-omistaja\" target=\"_blank\" rel=\"noreferrer noopener\">Check out Levi's brokerage services<\/a><\/div>\n<\/div>\n\n\n\n<hr class=\"wp-block-separator has-text-color has-light-gray-color has-alpha-channel-opacity has-light-gray-background-color has-background is-style-default\"\/>\n\n\n\n<div class=\"wp-block-cover alignfull is-light\" style=\"margin-top:0\"><span aria-hidden=\"true\" class=\"wp-block-cover__background has-white-background-color has-background-dim-100 has-background-dim\"><\/span><div class=\"wp-block-cover__inner-container has-global-padding is-layout-constrained wp-block-cover-is-layout-constrained\">\n<h3 class=\"wp-block-heading has-text-align-center\">Are you tempted by the charms of Lapland?<\/h3>\n\n\n\n<h5 class=\"wp-block-heading has-text-align-center\">Contact us and ask for more information!<\/h5>\n\n\n\n<div style=\"height:2rem\" aria-hidden=\"true\" class=\"wp-block-spacer\"><\/div>\n\n\n\n<figure class=\"wp-block-image aligncenter size-full is-resized\"><img loading=\"lazy\" decoding=\"async\" width=\"901\" height=\"901\" src=\"https:\/\/gielas.fi\/wp-content\/uploads\/2024\/04\/Sotka-2.jpg\" alt=\"\" class=\"wp-image-521\" style=\"width:268px;height:268px\" srcset=\"https:\/\/gielas.fi\/wp-content\/uploads\/2024\/04\/Sotka-2.jpg 901w, https:\/\/gielas.fi\/wp-content\/uploads\/2024\/04\/Sotka-2-512x512.jpg 512w\" sizes=\"auto, (max-width: 901px) 100vw, 901px\" \/><\/figure>\n\n\n\n<p class=\"has-text-align-center\"><strong>Tanja Sotka<\/strong><br>Real estate broker<\/p>\n\n\n\n<p>Bo LKV<\/p>\n\n\n\n<p class=\"has-text-align-center\">045 274 4184<br><a href=\"mailto:tanja.sotka@bo.fi\">tanja.sotka@bo.fi<\/a><\/p>\n<\/div><\/div>","protected":false},"excerpt":{"rendered":"<p>Suksille suoraan omalta ovelta Levin syd\u00e4meen Utsuvaaran laelle rakennettavista 22 ihastuttavasta lomahuoneistoista l\u00f6ytyy sopiva kokonaisuus niin isolla porukalla lomailijoille, et\u00e4ty\u00f6skentelij\u00f6ille kuin sijoittajillekin. Kaikista huoneistoista p\u00e4\u00e4see laskettelurinteisiin ja hiihtoladulle suoraan ovelta.&hellip;<\/p>","protected":false},"author":1,"featured_media":0,"parent":0,"menu_order":0,"comment_status":"closed","ping_status":"closed","template":"","meta":{"_acf_changed":false,"footnotes":""},"class_list":["post-189","page","type-page","status-publish","hentry"],"acf":[],"_links":{"self":[{"href":"https:\/\/gielas.fi\/en\/wp-json\/wp\/v2\/pages\/189","targetHints":{"allow":["GET"]}}],"collection":[{"href":"https:\/\/gielas.fi\/en\/wp-json\/wp\/v2\/pages"}],"about":[{"href":"https:\/\/gielas.fi\/en\/wp-json\/wp\/v2\/types\/page"}],"author":[{"embeddable":true,"href":"https:\/\/gielas.fi\/en\/wp-json\/wp\/v2\/users\/1"}],"replies":[{"embeddable":true,"href":"https:\/\/gielas.fi\/en\/wp-json\/wp\/v2\/comments?post=189"}],"version-history":[{"count":20,"href":"https:\/\/gielas.fi\/en\/wp-json\/wp\/v2\/pages\/189\/revisions"}],"predecessor-version":[{"id":534,"href":"https:\/\/gielas.fi\/en\/wp-json\/wp\/v2\/pages\/189\/revisions\/534"}],"wp:attachment":[{"href":"https:\/\/gielas.fi\/en\/wp-json\/wp\/v2\/media?parent=189"}],"curies":[{"name":"wp","href":"https:\/\/api.w.org\/{rel}","templated":true}]}}