{"id":192,"date":"2023-09-18T21:01:55","date_gmt":"2023-09-18T18:01:55","guid":{"rendered":"https:\/\/gielas.fi\/?page_id=192"},"modified":"2024-08-12T16:35:42","modified_gmt":"2024-08-12T13:35:42","slug":"sisustus","status":"publish","type":"page","link":"https:\/\/gielas.fi\/en\/sisustus\/","title":{"rendered":"Interior"},"content":{"rendered":"<div class=\"wp-block-cover alignfull is-light\" style=\"min-height:100vh;aspect-ratio:unset;\"><span aria-hidden=\"true\" class=\"wp-block-cover__background has-background-dim-0 has-background-dim\"><\/span><img loading=\"lazy\" decoding=\"async\" width=\"2048\" height=\"1707\" class=\"wp-block-cover__image-background wp-image-277\" alt=\"\" src=\"https:\/\/gielas.fi\/wp-content\/uploads\/2023\/09\/B10_61m2_olohuone_kolu_Utsuvaaran_Gielas_Profilm.jpg\" data-object-fit=\"cover\" srcset=\"https:\/\/gielas.fi\/wp-content\/uploads\/2023\/09\/B10_61m2_olohuone_kolu_Utsuvaaran_Gielas_Profilm.jpg 2048w, https:\/\/gielas.fi\/wp-content\/uploads\/2023\/09\/B10_61m2_olohuone_kolu_Utsuvaaran_Gielas_Profilm-1024x854.jpg 1024w, https:\/\/gielas.fi\/wp-content\/uploads\/2023\/09\/B10_61m2_olohuone_kolu_Utsuvaaran_Gielas_Profilm-1536x1280.jpg 1536w\" sizes=\"auto, (max-width: 2048px) 100vw, 2048px\" \/><div class=\"wp-block-cover__inner-container has-global-padding is-layout-constrained wp-block-cover-is-layout-constrained\">\n<h1 class=\"wp-block-heading has-text-align-center has-white-color has-text-color\">Interior<\/h1>\n<\/div><\/div>\n\n\n\n<div class=\"wp-block-cover alignfull is-light has-custom-content-position is-position-top-center\" style=\"min-height:865px;aspect-ratio:unset;\"><span aria-hidden=\"true\" class=\"wp-block-cover__background has-light-sand-background-color has-background-dim-100 has-background-dim\"><\/span><div class=\"wp-block-cover__inner-container has-global-padding is-layout-constrained wp-block-cover-is-layout-constrained\">\n<p class=\"has-text-align-center has-large-font-size\"><\/p>\n\n\n\n<h2 class=\"wp-block-heading\">COMPLETE FURNISHING WITH ONE SIGNATURE<\/h2>\n\n\n\n<p><\/p>\n\n\n\n<p><\/p>\n\n\n\n<p>Our interior designers have created the perfect furnishings to match your interior style, apartment by apartment. You will get quality and durable furniture for your apartment with a single signature!<\/p>\n\n\n\n<div class=\"wp-block-media-text is-stacked-on-mobile is-vertically-aligned-center\"><figure class=\"wp-block-media-text__media\"><img loading=\"lazy\" decoding=\"async\" width=\"2048\" height=\"1152\" src=\"https:\/\/gielas.fi\/wp-content\/uploads\/2024\/04\/A7_66m2_keittio_kieppi_Utsuvaaran_Gielas_Profilm.jpg\" alt=\"\" class=\"wp-image-505 size-full\" srcset=\"https:\/\/gielas.fi\/wp-content\/uploads\/2024\/04\/A7_66m2_keittio_kieppi_Utsuvaaran_Gielas_Profilm.jpg 2048w, https:\/\/gielas.fi\/wp-content\/uploads\/2024\/04\/A7_66m2_keittio_kieppi_Utsuvaaran_Gielas_Profilm-1024x576.jpg 1024w, https:\/\/gielas.fi\/wp-content\/uploads\/2024\/04\/A7_66m2_keittio_kieppi_Utsuvaaran_Gielas_Profilm-1536x864.jpg 1536w\" sizes=\"auto, (max-width: 2048px) 100vw, 2048px\" \/><\/figure><div class=\"wp-block-media-text__content\">\n<div class=\"wp-block-buttons is-layout-flex wp-block-buttons-is-layout-flex\">\n<div class=\"wp-block-button\"><a class=\"wp-block-button__link wp-element-button\" href=\"https:\/\/gielas.fi\/en\/tiedostot\/kalustepaketti66\/?tmstv=1713529871\">Chech out the furniture package 66m<sup>2<\/sup><\/a><\/div>\n\n\n\n<div class=\"wp-block-button\"><a class=\"wp-block-button__link wp-element-button\" href=\"https:\/\/gielas.fi\/en\/tiedostot\/kalustepaketti61\/?tmstv=1713529871\">Chech out the furniture package 61m<sup>2<\/sup><\/a><\/div>\n\n\n\n<div class=\"wp-block-button\"><a class=\"wp-block-button__link wp-element-button\" href=\"https:\/\/gielas.fi\/en\/tiedostot\/kalustepaketti50\/?tmstv=1713529871\">Chech out the furniture package 55m<sup>2<\/sup><\/a><\/div>\n\n\n\n<div class=\"wp-block-button\"><a class=\"wp-block-button__link wp-element-button\" href=\"https:\/\/gielas.fi\/en\/tiedostot\/kalustepaketti45\/?tmstv=1713529871\">Chech out the furniture package 45m<sup>2<\/sup><\/a><\/div>\n<\/div>\n<\/div><\/div>\n<\/div><\/div>\n\n\n\n<p class=\"has-text-align-center has-large-font-size\"><\/p>\n\n\n\n<h2 class=\"wp-block-heading\" style=\"text-transform:uppercase\">Interior designs bow to the nature of Lapland<\/h2>\n\n\n\n<p class=\"has-large-font-size\">Utsuvaara's Gielas apartments feature a modern Scandinavian style, combining high-quality natural materials with high-end gear and sophisticated details.<\/p>\n\n\n\n<p>The construction work has progressed to the point where we have had to order furnishing materials for the unsold apartments. Of the three stunning themes, Kolu proved to be the most popular, and that decorating theme has also been chosen for apartments that have not yet been sold.<\/p>\n\n\n\n<div class=\"wp-block-cover alignfull is-light\"><span aria-hidden=\"true\" class=\"wp-block-cover__background has-light-sand-background-color has-background-dim\"><\/span><img loading=\"lazy\" decoding=\"async\" width=\"2048\" height=\"1280\" class=\"wp-block-cover__image-background wp-image-252\" alt=\"\" src=\"https:\/\/gielas.fi\/wp-content\/uploads\/2023\/09\/utsuvaara-topografia3-bg-light.png\" data-object-fit=\"cover\" srcset=\"https:\/\/gielas.fi\/wp-content\/uploads\/2023\/09\/utsuvaara-topografia3-bg-light.png 2048w, https:\/\/gielas.fi\/wp-content\/uploads\/2023\/09\/utsuvaara-topografia3-bg-light-1024x640.png 1024w, https:\/\/gielas.fi\/wp-content\/uploads\/2023\/09\/utsuvaara-topografia3-bg-light-768x480.png 768w, https:\/\/gielas.fi\/wp-content\/uploads\/2023\/09\/utsuvaara-topografia3-bg-light-1536x960.png 1536w\" sizes=\"auto, (max-width: 2048px) 100vw, 2048px\" \/><div class=\"wp-block-cover__inner-container is-layout-flow wp-block-cover-is-layout-flow\">\n<h3 class=\"wp-block-heading has-nantes-font-family has-heading-2-font-size\">Kieppi, Kolu and Kaamos - From pale serenity to stark darkness<\/h3>\n\n\n\n<p class=\"has-large-font-size\">The interior design theme for unsold apartments is <strong>Kolu<\/strong>.<\/p>\n\n\n\n<div class=\"wp-block-media-text is-stacked-on-mobile is-vertically-aligned-center\"><figure class=\"wp-block-media-text__media\"><img loading=\"lazy\" decoding=\"async\" width=\"1087\" height=\"768\" src=\"https:\/\/gielas.fi\/wp-content\/uploads\/2023\/09\/Kieppi.png\" alt=\"\" class=\"wp-image-293 size-full\" srcset=\"https:\/\/gielas.fi\/wp-content\/uploads\/2023\/09\/Kieppi.png 1087w, https:\/\/gielas.fi\/wp-content\/uploads\/2023\/09\/Kieppi-1024x723.png 1024w\" sizes=\"auto, (max-width: 1087px) 100vw, 1087px\" \/><\/figure><div class=\"wp-block-media-text__content\">\n<h3 class=\"wp-block-heading has-heading-2-font-size\">Kieppi<\/h3>\n\n\n\n<p class=\"has-large-font-size\"><em>\"A soft snowflake that provides warm protection from the harsh environment\"<\/em><\/p>\n\n\n\n<ul class=\"wp-block-list\">\n<li>Classic shades of light grey and beige with a touch of chrome.<\/li>\n\n\n\n<li>The alliance of pale ash and oak.<\/li>\n<\/ul>\n\n\n\n<div class=\"wp-block-buttons is-layout-flex wp-block-buttons-is-layout-flex\">\n<div class=\"wp-block-button\"><a class=\"wp-block-button__link wp-element-button\" href=\"https:\/\/profilm360.fi\/pajala_yhtiot\/utsuvaaran_gielas\/a7\/index.htm\" target=\"_blank\" rel=\"noreferrer noopener\">3D visualisation - 66m<sup>2<\/sup><\/a><\/div>\n\n\n\n<div class=\"wp-block-button\"><a class=\"wp-block-button__link wp-element-button\" href=\"https:\/\/gielas.fi\/en\/tiedostot\/materiaalit-kieppi\/?tmstv=1695285499\" target=\"_blank\" rel=\"noreferrer noopener\">See interior materials<\/a><\/div>\n<\/div>\n<\/div><\/div>\n\n\n\n<div class=\"wp-block-media-text is-stacked-on-mobile is-vertically-aligned-center\"><figure class=\"wp-block-media-text__media\"><img loading=\"lazy\" decoding=\"async\" width=\"1087\" height=\"768\" src=\"https:\/\/gielas.fi\/wp-content\/uploads\/2023\/09\/Kolu.png\" alt=\"\" class=\"wp-image-294 size-full\" srcset=\"https:\/\/gielas.fi\/wp-content\/uploads\/2023\/09\/Kolu.png 1087w, https:\/\/gielas.fi\/wp-content\/uploads\/2023\/09\/Kolu-1024x723.png 1024w\" sizes=\"auto, (max-width: 1087px) 100vw, 1087px\" \/><\/figure><div class=\"wp-block-media-text__content\">\n<h3 class=\"wp-block-heading has-heading-2-font-size\">Kolu<\/h3>\n\n\n\n<p class=\"has-large-font-size\"><em>\"A craggy canyon where the mind calms in an unchanging landscape\"<\/em><\/p>\n\n\n\n<ul class=\"wp-block-list\">\n<li>A world of granite grey tones combined with oak.<\/li>\n\n\n\n<li>Spiced up with black details.<\/li>\n<\/ul>\n\n\n\n<div class=\"wp-block-buttons is-layout-flex wp-block-buttons-is-layout-flex\">\n<div class=\"wp-block-button\"><a class=\"wp-block-button__link wp-element-button\" href=\"https:\/\/profilm360.fi\/pajala_yhtiot\/utsuvaaran_gielas\/b10\/index.htm\" target=\"_blank\" rel=\"noreferrer noopener\">3D visualisation - 61m<sup>2<\/sup><\/a><\/div>\n\n\n\n<div class=\"wp-block-button\"><a class=\"wp-block-button__link wp-element-button\" href=\"https:\/\/gielas.fi\/en\/tiedostot\/materiaalit-kolu\/?tmstv=1695285535\" target=\"_blank\" rel=\"noreferrer noopener\">See interior materials<\/a><\/div>\n<\/div>\n<\/div><\/div>\n\n\n\n<div class=\"wp-block-media-text is-stacked-on-mobile is-vertically-aligned-center\"><figure class=\"wp-block-media-text__media\"><img loading=\"lazy\" decoding=\"async\" width=\"1087\" height=\"768\" src=\"https:\/\/gielas.fi\/wp-content\/uploads\/2023\/09\/kaamos.png\" alt=\"\" class=\"wp-image-295 size-full\" srcset=\"https:\/\/gielas.fi\/wp-content\/uploads\/2023\/09\/kaamos.png 1087w, https:\/\/gielas.fi\/wp-content\/uploads\/2023\/09\/kaamos-1024x723.png 1024w\" sizes=\"auto, (max-width: 1087px) 100vw, 1087px\" \/><\/figure><div class=\"wp-block-media-text__content\">\n<h3 class=\"wp-block-heading has-heading-2-font-size\">Kaamos<\/h3>\n\n\n\n<p class=\"has-large-font-size\"><em>\"The time of midwinter when there is no direct sunlight, the black or shimmering twilight of night\"<\/em><\/p>\n\n\n\n<ul class=\"wp-block-list\">\n<li>Shades of black and dark grey. The oak on the floor glows warmly with indirect light from the chamois.<\/li>\n\n\n\n<li>The deep green of the power wall echoes the dark tones of the coniferous forest and the echo of the Northern Lights.<\/li>\n<\/ul>\n\n\n\n<div class=\"wp-block-buttons is-layout-flex wp-block-buttons-is-layout-flex\">\n<div class=\"wp-block-button\"><a class=\"wp-block-button__link wp-element-button\" href=\"https:\/\/profilm360.fi\/pajala_yhtiot\/utsuvaaran_gielas\/a6\/index.htm\" target=\"_blank\" rel=\"noreferrer noopener\">3D visualisation - 50m<sup>2<\/sup><\/a><\/div>\n\n\n\n<div class=\"wp-block-button\"><a class=\"wp-block-button__link wp-element-button\" href=\"https:\/\/gielas.fi\/en\/tiedostot\/materiaalit-kaamos\/?tmstv=1695285412\" target=\"_blank\" rel=\"noreferrer noopener\">See interior materials<\/a><\/div>\n<\/div>\n<\/div><\/div>\n<\/div><\/div>\n\n\n\n<div class=\"wp-block-oo-swiper-2 alignfull swiper\" style=\"min-height:80vh\" data-slidertype=\"default\" data-animation=\"fade\" data-slide-gap=\"0\" data-speed=\"700\" data-autoplay=\"true\" data-autoplay-delay=\"5\" data-hover-pause=\"true\" data-loop=\"true\" data-arrows=\"true\" data-dots=\"true\" data-dots-type=\"default\"><div class=\"swiper-wrapper\">\n<div class=\"wp-block-oo-swiper-2-slide swiper-slide\"><div class=\"slide-content\"><div class=\"media\"><img fetchpriority=\"high\" decoding=\"async\" width=\"2048\" height=\"1152\" src=\"https:\/\/gielas.fi\/wp-content\/uploads\/2023\/09\/A6_50m2_keittio_kaamos_Utsuvaaran_Gielas_Profilm.jpg\" class=\"skip-lazy wp-image-327\" loading=\"eager\" style=\"background-position:50% 50%\" alt=\"\" srcset=\"https:\/\/gielas.fi\/wp-content\/uploads\/2023\/09\/A6_50m2_keittio_kaamos_Utsuvaaran_Gielas_Profilm.jpg 2048w, https:\/\/gielas.fi\/wp-content\/uploads\/2023\/09\/A6_50m2_keittio_kaamos_Utsuvaaran_Gielas_Profilm-1024x576.jpg 1024w, https:\/\/gielas.fi\/wp-content\/uploads\/2023\/09\/A6_50m2_keittio_kaamos_Utsuvaaran_Gielas_Profilm-1536x864.jpg 1536w\" sizes=\"(max-width: 2048px) 100vw, 2048px\" \/><\/div><div class=\"content\"><\/div><\/div><\/div>\n\n\n\n<div class=\"wp-block-oo-swiper-2-slide swiper-slide\"><div class=\"slide-content\"><div class=\"media\"><img decoding=\"async\" width=\"2048\" height=\"1152\" src=\"https:\/\/gielas.fi\/wp-content\/uploads\/2023\/09\/A6_50m2_olohuone_kaamos_Utsuvaaran_Gielas_Profilm.jpg\" class=\"skip-lazy wp-image-328\" loading=\"eager\" style=\"background-position:50% 50%\" alt=\"\" srcset=\"https:\/\/gielas.fi\/wp-content\/uploads\/2023\/09\/A6_50m2_olohuone_kaamos_Utsuvaaran_Gielas_Profilm.jpg 2048w, https:\/\/gielas.fi\/wp-content\/uploads\/2023\/09\/A6_50m2_olohuone_kaamos_Utsuvaaran_Gielas_Profilm-1024x576.jpg 1024w, https:\/\/gielas.fi\/wp-content\/uploads\/2023\/09\/A6_50m2_olohuone_kaamos_Utsuvaaran_Gielas_Profilm-1536x864.jpg 1536w\" sizes=\"(max-width: 2048px) 100vw, 2048px\" \/><\/div><div class=\"content\"><\/div><\/div><\/div>\n\n\n\n<div class=\"wp-block-oo-swiper-2-slide swiper-slide\"><div class=\"slide-content\"><div class=\"media\"><img decoding=\"async\" width=\"2048\" height=\"2524\" src=\"https:\/\/gielas.fi\/wp-content\/uploads\/2023\/09\/A7_66m2_KPH1_Kaamos_Utsuvaaran_Gielas_Profilm.jpg\" class=\"skip-lazy wp-image-329\" loading=\"eager\" style=\"background-position:50% 50%\" alt=\"\" srcset=\"https:\/\/gielas.fi\/wp-content\/uploads\/2023\/09\/A7_66m2_KPH1_Kaamos_Utsuvaaran_Gielas_Profilm.jpg 2048w, https:\/\/gielas.fi\/wp-content\/uploads\/2023\/09\/A7_66m2_KPH1_Kaamos_Utsuvaaran_Gielas_Profilm-831x1024.jpg 831w, https:\/\/gielas.fi\/wp-content\/uploads\/2023\/09\/A7_66m2_KPH1_Kaamos_Utsuvaaran_Gielas_Profilm-1246x1536.jpg 1246w, https:\/\/gielas.fi\/wp-content\/uploads\/2023\/09\/A7_66m2_KPH1_Kaamos_Utsuvaaran_Gielas_Profilm-1662x2048.jpg 1662w\" sizes=\"(max-width: 2048px) 100vw, 2048px\" \/><\/div><div class=\"content\"><\/div><\/div><\/div>\n\n\n\n<div class=\"wp-block-oo-swiper-2-slide swiper-slide\"><div class=\"slide-content\"><div class=\"media\"><img decoding=\"async\" width=\"2048\" height=\"1152\" src=\"https:\/\/gielas.fi\/wp-content\/uploads\/2023\/09\/A7_66m2_olohuone_kieppi_Utsuvaaran_Gielas_Profilm-1.jpg\" class=\"skip-lazy wp-image-332\" loading=\"eager\" style=\"background-position:50% 50%\" alt=\"\" srcset=\"https:\/\/gielas.fi\/wp-content\/uploads\/2023\/09\/A7_66m2_olohuone_kieppi_Utsuvaaran_Gielas_Profilm-1.jpg 2048w, https:\/\/gielas.fi\/wp-content\/uploads\/2023\/09\/A7_66m2_olohuone_kieppi_Utsuvaaran_Gielas_Profilm-1-1024x576.jpg 1024w, https:\/\/gielas.fi\/wp-content\/uploads\/2023\/09\/A7_66m2_olohuone_kieppi_Utsuvaaran_Gielas_Profilm-1-1536x864.jpg 1536w\" sizes=\"(max-width: 2048px) 100vw, 2048px\" \/><\/div><div class=\"content\"><\/div><\/div><\/div>\n\n\n\n<div class=\"wp-block-oo-swiper-2-slide swiper-slide\"><div class=\"slide-content\"><div class=\"media\"><img decoding=\"async\" width=\"2048\" height=\"1152\" src=\"https:\/\/gielas.fi\/wp-content\/uploads\/2023\/09\/B2_45m2_keittio_kieppi_Utsuvaaran_Gielas_Profilm.jpg\" class=\"skip-lazy wp-image-333\" loading=\"eager\" style=\"background-position:50% 50%\" alt=\"\" srcset=\"https:\/\/gielas.fi\/wp-content\/uploads\/2023\/09\/B2_45m2_keittio_kieppi_Utsuvaaran_Gielas_Profilm.jpg 2048w, https:\/\/gielas.fi\/wp-content\/uploads\/2023\/09\/B2_45m2_keittio_kieppi_Utsuvaaran_Gielas_Profilm-1024x576.jpg 1024w, https:\/\/gielas.fi\/wp-content\/uploads\/2023\/09\/B2_45m2_keittio_kieppi_Utsuvaaran_Gielas_Profilm-1536x864.jpg 1536w\" sizes=\"(max-width: 2048px) 100vw, 2048px\" \/><\/div><div class=\"content\"><\/div><\/div><\/div>\n\n\n\n<div class=\"wp-block-oo-swiper-2-slide swiper-slide\"><div class=\"slide-content\"><div class=\"media\"><img decoding=\"async\" width=\"2048\" height=\"2524\" src=\"https:\/\/gielas.fi\/wp-content\/uploads\/2023\/09\/A7_66m2_KPH2_Kieppi_Utsuvaaran_Gielas_Profilm.jpg\" class=\"skip-lazy wp-image-330\" loading=\"eager\" style=\"background-position:50% 50%\" alt=\"\" srcset=\"https:\/\/gielas.fi\/wp-content\/uploads\/2023\/09\/A7_66m2_KPH2_Kieppi_Utsuvaaran_Gielas_Profilm.jpg 2048w, https:\/\/gielas.fi\/wp-content\/uploads\/2023\/09\/A7_66m2_KPH2_Kieppi_Utsuvaaran_Gielas_Profilm-831x1024.jpg 831w, https:\/\/gielas.fi\/wp-content\/uploads\/2023\/09\/A7_66m2_KPH2_Kieppi_Utsuvaaran_Gielas_Profilm-1246x1536.jpg 1246w, https:\/\/gielas.fi\/wp-content\/uploads\/2023\/09\/A7_66m2_KPH2_Kieppi_Utsuvaaran_Gielas_Profilm-1662x2048.jpg 1662w\" sizes=\"(max-width: 2048px) 100vw, 2048px\" \/><\/div><div class=\"content\"><\/div><\/div><\/div>\n\n\n\n<div class=\"wp-block-oo-swiper-2-slide swiper-slide\"><div class=\"slide-content\"><div class=\"media\"><img decoding=\"async\" width=\"2048\" height=\"1152\" src=\"https:\/\/gielas.fi\/wp-content\/uploads\/2023\/09\/B2_45m2_olohuone_kieppi_Utsuvaaran_Gielas_Profilm.jpg\" class=\"skip-lazy wp-image-334\" loading=\"eager\" style=\"background-position:50% 50%\" alt=\"\" srcset=\"https:\/\/gielas.fi\/wp-content\/uploads\/2023\/09\/B2_45m2_olohuone_kieppi_Utsuvaaran_Gielas_Profilm.jpg 2048w, https:\/\/gielas.fi\/wp-content\/uploads\/2023\/09\/B2_45m2_olohuone_kieppi_Utsuvaaran_Gielas_Profilm-1024x576.jpg 1024w, https:\/\/gielas.fi\/wp-content\/uploads\/2023\/09\/B2_45m2_olohuone_kieppi_Utsuvaaran_Gielas_Profilm-1536x864.jpg 1536w\" sizes=\"(max-width: 2048px) 100vw, 2048px\" \/><\/div><div class=\"content\"><\/div><\/div><\/div>\n\n\n\n<div class=\"wp-block-oo-swiper-2-slide swiper-slide\"><div class=\"slide-content\"><div class=\"media\"><img decoding=\"async\" width=\"2048\" height=\"1707\" src=\"https:\/\/gielas.fi\/wp-content\/uploads\/2023\/09\/B10_61m2_keittio_kolu_Utsuvaaran_Gielas_Profilm.jpg\" class=\"skip-lazy wp-image-335\" loading=\"eager\" style=\"background-position:50% 50%\" alt=\"\" srcset=\"https:\/\/gielas.fi\/wp-content\/uploads\/2023\/09\/B10_61m2_keittio_kolu_Utsuvaaran_Gielas_Profilm.jpg 2048w, https:\/\/gielas.fi\/wp-content\/uploads\/2023\/09\/B10_61m2_keittio_kolu_Utsuvaaran_Gielas_Profilm-1024x854.jpg 1024w, https:\/\/gielas.fi\/wp-content\/uploads\/2023\/09\/B10_61m2_keittio_kolu_Utsuvaaran_Gielas_Profilm-1536x1280.jpg 1536w\" sizes=\"(max-width: 2048px) 100vw, 2048px\" \/><\/div><div class=\"content\"><\/div><\/div><\/div>\n\n\n\n<div class=\"wp-block-oo-swiper-2-slide swiper-slide\"><div class=\"slide-content\"><div class=\"media\"><img decoding=\"async\" width=\"2048\" height=\"1707\" src=\"https:\/\/gielas.fi\/wp-content\/uploads\/2023\/09\/B10_61m2_makuuhuone_kolu_Utsuvaaran_Gielas_Profilm.jpg\" class=\"skip-lazy wp-image-336\" loading=\"eager\" style=\"background-position:50% 50%\" alt=\"\" srcset=\"https:\/\/gielas.fi\/wp-content\/uploads\/2023\/09\/B10_61m2_makuuhuone_kolu_Utsuvaaran_Gielas_Profilm.jpg 2048w, https:\/\/gielas.fi\/wp-content\/uploads\/2023\/09\/B10_61m2_makuuhuone_kolu_Utsuvaaran_Gielas_Profilm-1024x854.jpg 1024w, https:\/\/gielas.fi\/wp-content\/uploads\/2023\/09\/B10_61m2_makuuhuone_kolu_Utsuvaaran_Gielas_Profilm-1536x1280.jpg 1536w\" sizes=\"(max-width: 2048px) 100vw, 2048px\" \/><\/div><div class=\"content\"><\/div><\/div><\/div>\n\n\n\n<div class=\"wp-block-oo-swiper-2-slide swiper-slide\"><div class=\"slide-content\"><div class=\"media\"><img decoding=\"async\" width=\"2048\" height=\"2524\" src=\"https:\/\/gielas.fi\/wp-content\/uploads\/2023\/09\/A7_66m2_KPH3_Kolu_Utsuvaaran_Gielas_Profilm.jpg\" class=\"skip-lazy wp-image-331\" loading=\"eager\" style=\"background-position:50% 50%\" alt=\"\" srcset=\"https:\/\/gielas.fi\/wp-content\/uploads\/2023\/09\/A7_66m2_KPH3_Kolu_Utsuvaaran_Gielas_Profilm.jpg 2048w, https:\/\/gielas.fi\/wp-content\/uploads\/2023\/09\/A7_66m2_KPH3_Kolu_Utsuvaaran_Gielas_Profilm-831x1024.jpg 831w, https:\/\/gielas.fi\/wp-content\/uploads\/2023\/09\/A7_66m2_KPH3_Kolu_Utsuvaaran_Gielas_Profilm-1246x1536.jpg 1246w, https:\/\/gielas.fi\/wp-content\/uploads\/2023\/09\/A7_66m2_KPH3_Kolu_Utsuvaaran_Gielas_Profilm-1662x2048.jpg 1662w\" sizes=\"(max-width: 2048px) 100vw, 2048px\" \/><\/div><div class=\"content\"><\/div><\/div><\/div>\n<\/div><div class=\"swiper-navigation\"><span class=\"swiper-button-prev\"><\/span><span class=\"swiper-button-next\"><\/span><\/div><div class=\"swiper-pagination type-default\"><\/div><\/div>\n\n\n\n<div class=\"wp-block-cover alignfull is-light\"><span aria-hidden=\"true\" class=\"wp-block-cover__background has-white-background-color has-background-dim-100 has-background-dim\"><\/span><div class=\"wp-block-cover__inner-container has-global-padding is-layout-constrained wp-block-cover-is-layout-constrained\">\n<h3 class=\"wp-block-heading has-text-align-center\">Are you tempted by the charms of Lapland?<\/h3>\n\n\n\n<h5 class=\"wp-block-heading has-text-align-center\">Contact us and ask for more information!<\/h5>\n\n\n\n<div style=\"height:2rem\" aria-hidden=\"true\" class=\"wp-block-spacer\"><\/div>\n\n\n\n<figure class=\"wp-block-image aligncenter size-full is-resized\"><img loading=\"lazy\" decoding=\"async\" width=\"901\" height=\"901\" src=\"https:\/\/gielas.fi\/wp-content\/uploads\/2024\/04\/Sotka-1.jpg\" alt=\"\" class=\"wp-image-518\" style=\"width:268px;height:268px\" srcset=\"https:\/\/gielas.fi\/wp-content\/uploads\/2024\/04\/Sotka-1.jpg 901w, https:\/\/gielas.fi\/wp-content\/uploads\/2024\/04\/Sotka-1-512x512.jpg 512w\" sizes=\"auto, (max-width: 901px) 100vw, 901px\" \/><\/figure>\n\n\n\n<p class=\"has-text-align-center\"><strong>Tanja Sotka<\/strong><br>Real estate broker<\/p>\n\n\n\n<p>Bo LKV<\/p>\n\n\n\n<p class=\"has-text-align-center\">045 274 4184<br><a href=\"mailto:tanja.sotka@bo.fi\">tanja.sotka@bo.fi<\/a><\/p>\n<\/div><\/div>","protected":false},"excerpt":{"rendered":"<p>Sisustus\u00adteemat kumartavat Lapin luonnolle Utsuvaaran Gielaksen huoneistoissa korostuu moderni skandinaavinen tyyli, joka yhdist\u00e4\u00e4 laadukkaita luonnonmateriaaleja huippuluokan varusteisiin ja hienostuneisiin yksityiskohtiin. Rakennusty\u00f6t ovat edenneet siihen pisteeseen, ett\u00e4 olemme joutuneet tilaamaan sisustusmateriaalit&hellip;<\/p>","protected":false},"author":1,"featured_media":0,"parent":0,"menu_order":0,"comment_status":"closed","ping_status":"closed","template":"","meta":{"_acf_changed":false,"footnotes":""},"class_list":["post-192","page","type-page","status-publish","hentry"],"acf":[],"_links":{"self":[{"href":"https:\/\/gielas.fi\/en\/wp-json\/wp\/v2\/pages\/192","targetHints":{"allow":["GET"]}}],"collection":[{"href":"https:\/\/gielas.fi\/en\/wp-json\/wp\/v2\/pages"}],"about":[{"href":"https:\/\/gielas.fi\/en\/wp-json\/wp\/v2\/types\/page"}],"author":[{"embeddable":true,"href":"https:\/\/gielas.fi\/en\/wp-json\/wp\/v2\/users\/1"}],"replies":[{"embeddable":true,"href":"https:\/\/gielas.fi\/en\/wp-json\/wp\/v2\/comments?post=192"}],"version-history":[{"count":20,"href":"https:\/\/gielas.fi\/en\/wp-json\/wp\/v2\/pages\/192\/revisions"}],"predecessor-version":[{"id":529,"href":"https:\/\/gielas.fi\/en\/wp-json\/wp\/v2\/pages\/192\/revisions\/529"}],"wp:attachment":[{"href":"https:\/\/gielas.fi\/en\/wp-json\/wp\/v2\/media?parent=192"}],"curies":[{"name":"wp","href":"https:\/\/api.w.org\/{rel}","templated":true}]}}