{"id":2,"date":"2023-06-27T15:15:10","date_gmt":"2023-06-27T12:15:10","guid":{"rendered":"https:\/\/gielas.fi\/?page_id=2"},"modified":"2024-08-12T16:41:07","modified_gmt":"2024-08-12T13:41:07","slug":"etusivu","status":"publish","type":"page","link":"https:\/\/gielas.fi\/en\/","title":{"rendered":"Gielas, etusivu"},"content":{"rendered":"<div class=\"block-ext-video-cover alignfull\" style=\"min-height: 100vh;\">\r\n\t\t<video class=\"mobile\" preload=\"\" tabindex=\"-1\" loop=\"\" autoplay=\"\" muted=\"\" playsinline=\"\" style=\"\" src=\"https:\/\/player.vimeo.com\/progressive_redirect\/playback\/864386200\/rendition\/720p\/file.mp4?loc=external&#038;signature=78fc107e56b3bb2d6aa667645d7b671b2a656dbf7015ef944f145714f380ff8e\"><\/video>\r\n\t\t<video class=\"desktop\" preload=\"\" tabindex=\"-1\" loop=\"\" autoplay=\"\" muted=\"\" playsinline=\"\" style=\"\" src=\"https:\/\/player.vimeo.com\/progressive_redirect\/playback\/864386200\/rendition\/1080p\/file.mp4?loc=external&#038;signature=df859472ac79a042baac9248742cb3088cde355a44e49d7d157dd267f19d6153\"><\/video>\r\n\t<div class=\"content\">\r\n\t\t<div class=\"block-ext-video-cover__inner-container\">\r\n\t\t\t<div class=\"acf-innerblocks-container\">\n\r\n<div id=\"max-width-block_1c7d1eb4156ddfdaa3eae75376012f23\" class=\"aligncenter wp-block-acf-max-width\">\r\n\t<div class=\"block-max-width__inner\" style=\"max-width: 740px;\">\r\n\t\t<div class=\"acf-innerblocks-container\">\n\n<figure class=\"wp-block-image aligncenter size-large is-resized\"><img loading=\"lazy\" decoding=\"async\" width=\"431\" height=\"218\" src=\"https:\/\/gielas.fi\/wp-content\/uploads\/2023\/07\/etusivu-hero-logo.svg\" alt=\"Levin Utsuvaaran Gielas\" class=\"wp-image-15\" style=\"width:431px;height:219px\"\/><\/figure>\n\n\n\n<p class=\"has-text-align-center has-white-color has-text-color has-large-font-size\" style=\"line-height:1.4\">Unique ski-in-ski-out holiday apartments at the top of Utsuvaara in Levi, over 370 metres above sea level - <br>Completion by the end of 2024!<\/p>\n\n<\/div>\r\n\t<\/div>\r\n<\/div>\n<\/div>\r\n\t\t<\/div>\r\n\t<\/div>\r\n\t<div class=\"arrow\"><\/div>\r\n<\/div>\n\n\n<h1 class=\"wp-block-heading has-nantes-font-family has-heading-2-font-size\" style=\"text-transform:uppercase\">Levi's enchanting mountain scenery with year-round activities<\/h1>\n\n\n\n<p class=\"has-large-font-size\">For the first time ever, holiday apartments are being built in Levi at an altitude of over 370 metres on the top of the magnificent Utsuvaara. The apartments are located right next to Levitunturi: the ski slopes and ski trail are directly accessible from the door.<\/p>\n\n\n\n<p>High room heights, large windows and spacious glazed balconies bring the nature of Lapland right into your arms. Spa-inspired bathroom, private sauna and functional service and utility rooms complete the holiday experience.<\/p>\n\n\n\n<div class=\"wp-block-buttons is-layout-flex wp-block-buttons-is-layout-flex\">\n<div class=\"wp-block-button\"><a class=\"wp-block-button__link wp-element-button\" href=\"https:\/\/gielas.fi\/en\/lomahuoneistot\/\">Check out our range of apartments<\/a><\/div>\n<\/div>\n\n\n\n<div class=\"wp-block-cover alignfull is-light has-parallax\" style=\"min-height:75vh;aspect-ratio:unset;\"><span aria-hidden=\"true\" class=\"wp-block-cover__background has-background-dim-0 has-background-dim\"><\/span><div class=\"wp-block-cover__image-background wp-image-289 has-parallax\" style=\"background-position:50% 50%;background-image:url(https:\/\/gielas.fi\/wp-content\/uploads\/2023\/09\/A7_66m2_olohuone_kieppi_Utsuvaaran_Gielas_Profilm.jpg)\"><\/div><div class=\"wp-block-cover__inner-container is-layout-flow wp-block-cover-is-layout-flow\">\n<p class=\"has-text-align-center has-large-font-size\"><\/p>\n<\/div><\/div>\n\n\n\n<h3 class=\"wp-block-heading has-nantes-font-family has-heading-3-font-size\">Lapland's nature is close indoors and outdoors<\/h3>\n\n\n\n<p>Utsuvaara's Gielas apartments emphasise a modern Scandinavian style, combining high-quality natural materials with state-of-the-art gear.<br><br>Three colour themes have been created for the apartments - from snowy light to atmospheric dark - from which the resident can choose the one they prefer.<\/p>\n\n\n\n<div class=\"wp-block-buttons is-layout-flex wp-block-buttons-is-layout-flex\">\n<div class=\"wp-block-button\"><a class=\"wp-block-button__link wp-element-button\" href=\"https:\/\/gielas.fi\/en\/sisustus\/\">Take a look at home interiors<\/a><\/div>\n<\/div>\n\n\n\n<div class=\"wp-block-cover alignfull is-light\" style=\"min-height:60vh;aspect-ratio:unset;\"><span aria-hidden=\"true\" class=\"wp-block-cover__background has-background-dim-0 has-background-dim\"><\/span><img loading=\"lazy\" decoding=\"async\" width=\"2048\" height=\"2048\" class=\"wp-block-cover__image-background wp-image-40\" alt=\"\" src=\"https:\/\/gielas.fi\/wp-content\/uploads\/2023\/07\/gielas-perustiedot-tausta.svg\" data-object-fit=\"cover\"\/><div class=\"wp-block-cover__inner-container is-layout-flow wp-block-cover-is-layout-flow\">\n<h3 class=\"wp-block-heading has-text-align-center\">Utsuvaara Gielas<\/h3>\n\n\n\n<div class=\"wp-block-columns is-layout-flex wp-container-core-columns-is-layout-f9237477 wp-block-columns-is-layout-flex\" style=\"margin-top:5vh;margin-bottom:5vh\">\n<div class=\"wp-block-column is-layout-flow wp-block-column-is-layout-flow\">\n<h5 class=\"wp-block-heading has-text-align-center\">Adress<\/h5>\n\n\n\n<p class=\"has-text-align-center\">Utsunkaiku 9, Kittil\u00e4<\/p>\n<\/div>\n\n\n\n<div class=\"wp-block-column is-layout-flow wp-block-column-is-layout-flow\">\n<h5 class=\"wp-block-heading has-text-align-center\">Property<\/h5>\n\n\n\n<p class=\"has-text-align-center\">Own property<\/p>\n<\/div>\n\n\n\n<div class=\"wp-block-column is-layout-flow wp-block-column-is-layout-flow\">\n<h5 class=\"wp-block-heading has-text-align-center\">Number of holiday apartments<\/h5>\n\n\n\n<p class=\"has-text-align-center\">22 pcs<\/p>\n<\/div>\n<\/div>\n\n\n\n<div class=\"wp-block-columns is-layout-flex wp-container-core-columns-is-layout-28f84493 wp-block-columns-is-layout-flex\">\n<div class=\"wp-block-column is-layout-flow wp-block-column-is-layout-flow\">\n<h5 class=\"wp-block-heading has-text-align-center\">Size of holiday apartments<\/h5>\n\n\n\n<p class=\"has-text-align-center\">45-89 m<sup>2<\/sup><\/p>\n<\/div>\n\n\n\n<div class=\"wp-block-column is-layout-flow wp-block-column-is-layout-flow\">\n<h5 class=\"wp-block-heading has-text-align-center\">Completion<\/h5>\n\n\n\n<p class=\"has-text-align-center\">10-12\/2024<\/p>\n<\/div>\n\n\n\n<div class=\"wp-block-column is-layout-flow wp-block-column-is-layout-flow\">\n<h5 class=\"wp-block-heading has-text-align-center\">Developer<\/h5>\n\n\n\n<p class=\"has-text-align-center\">Pajala Pohjois-Suomi Oy<\/p>\n<\/div>\n<\/div>\n<\/div><\/div>\n\n\n\n<div class=\"wp-block-columns are-vertically-aligned-center is-layout-flex wp-container-core-columns-is-layout-28f84493 wp-block-columns-is-layout-flex\">\n<div class=\"wp-block-column is-vertically-aligned-center is-layout-flow wp-block-column-is-layout-flow\">\n<h3 class=\"wp-block-heading has-nantes-font-family\">Luxurious privacy close to Levi's services<\/h3>\n\n\n\n<p>Utsuvaara Gielas offers a unique opportunity to enjoy the peaceful Lapland nature at the top of the fells, with incredible scenery - but still very close to the comprehensive services of Levi.<\/p>\n\n\n\n<p>The centre of Levi with its varied restaurants, shops and other services is only a 10-minute (8 km) drive away.<\/p>\n\n\n\n<div class=\"wp-block-buttons is-layout-flex wp-block-buttons-is-layout-flex\">\n<div class=\"wp-block-button\"><a class=\"wp-block-button__link wp-element-button\" href=\"https:\/\/gielas.fi\/en\/sijainti\/\">Read more about the location of the APARTMENTS<\/a><\/div>\n<\/div>\n<\/div>\n\n\n\n<div class=\"wp-block-column is-vertically-aligned-center is-layout-flow wp-block-column-is-layout-flow\">\r\n<div id=\"google-map-block_17732433bfdcb72ea6f1af7180cf6cc0\"  class=\"align wp-block-acf-google-map\">\r\n\t\t<div class=\"map\" \r\n\tdata-zoom=\"14\" \r\n\tdata-mapid=\"98d45410e7afa0d9\"\r\n\tdata-markerimageurl=\"https:\/\/gielas.fi\/wp-content\/uploads\/2023\/07\/map-marker.svg\"\r\n\tdata-markerscaledsize=\"\"\r\n\tdata-markerorigin=\"\"\r\n\tdata-markeranchor=\"\"\r\n\t>\r\n\t\t\t\t\t\t<div class=\"map-marker\" data-lat=\"67.7825609\" data-lng=\"24.8822657\">\r\n\t\t\t\t\t<\/div>\r\n\t\t\t<\/div>\r\n<\/div><\/div>\n<\/div>\n\n\n\n<div class=\"wp-block-cover alignfull has-parallax\" style=\"margin-bottom:0;min-height:75vh;aspect-ratio:unset;\"><span aria-hidden=\"true\" class=\"wp-block-cover__background has-background-dim-0 has-background-dim\"><\/span><div class=\"wp-block-cover__image-background wp-image-431 has-parallax\" style=\"background-position:50% 50%;background-image:url(https:\/\/gielas.fi\/wp-content\/uploads\/2023\/09\/Perskis7_5b_web.jpg)\"><\/div><div class=\"wp-block-cover__inner-container is-layout-flow wp-block-cover-is-layout-flow\">\n<p class=\"has-text-align-center has-large-font-size\"><\/p>\n<\/div><\/div>\n\n\n\n<div class=\"wp-block-cover alignfull is-light\"><span aria-hidden=\"true\" class=\"wp-block-cover__background has-white-background-color has-background-dim-100 has-background-dim\"><\/span><div class=\"wp-block-cover__inner-container has-global-padding is-layout-constrained wp-block-cover-is-layout-constrained\">\n<h3 class=\"wp-block-heading has-text-align-center\">Are you tempted by the charms of Lapland?<\/h3>\n\n\n\n<h5 class=\"wp-block-heading has-text-align-center\">Contact us and ask for more information!<\/h5>\n\n\n\n<div style=\"height:2rem\" aria-hidden=\"true\" class=\"wp-block-spacer\"><\/div>\n\n\n\n<figure class=\"wp-block-image aligncenter size-full is-resized\"><img loading=\"lazy\" decoding=\"async\" width=\"901\" height=\"901\" src=\"https:\/\/gielas.fi\/wp-content\/uploads\/2024\/04\/Sotka-1.jpg\" alt=\"\" class=\"wp-image-518\" style=\"width:268px;height:268px\" srcset=\"https:\/\/gielas.fi\/wp-content\/uploads\/2024\/04\/Sotka-1.jpg 901w, https:\/\/gielas.fi\/wp-content\/uploads\/2024\/04\/Sotka-1-512x512.jpg 512w\" sizes=\"auto, (max-width: 901px) 100vw, 901px\" \/><\/figure>\n\n\n\n<p class=\"has-text-align-center\"><strong>Tanja Sotka<\/strong><br>Real estate broker<\/p>\n\n\n\n<p>Bo LKV<\/p>\n\n\n\n<p class=\"has-text-align-center\">045 274 4184<br><a href=\"mailto:tanja.sotka@bo.fi\">tanja.sotka@bo.fi<\/a><\/p>\n<\/div><\/div>","protected":false},"excerpt":{"rendered":"<p>Levin lumoavat tunturi\u00admaisemat ymp\u00e4ri\u00advuotisten aktiviteettien \u00e4\u00e4rell\u00e4 Ensimm\u00e4ist\u00e4 kertaa koskaan Leville rakentuu lomahuoneistoja yli 370 metrin korkeuteen upean Utsuvaaran laelle. Huoneistot sijaitsevat aivan Levitunturin kupeessa: laskettelurinteisiin ja hiihtoladulle p\u00e4\u00e4see suoraan ovelta.&hellip;<\/p>","protected":false},"author":1,"featured_media":113,"parent":0,"menu_order":0,"comment_status":"closed","ping_status":"open","template":"","meta":{"_acf_changed":false,"footnotes":""},"class_list":["post-2","page","type-page","status-publish","has-post-thumbnail","hentry"],"acf":[],"_links":{"self":[{"href":"https:\/\/gielas.fi\/en\/wp-json\/wp\/v2\/pages\/2","targetHints":{"allow":["GET"]}}],"collection":[{"href":"https:\/\/gielas.fi\/en\/wp-json\/wp\/v2\/pages"}],"about":[{"href":"https:\/\/gielas.fi\/en\/wp-json\/wp\/v2\/types\/page"}],"author":[{"embeddable":true,"href":"https:\/\/gielas.fi\/en\/wp-json\/wp\/v2\/users\/1"}],"replies":[{"embeddable":true,"href":"https:\/\/gielas.fi\/en\/wp-json\/wp\/v2\/comments?post=2"}],"version-history":[{"count":14,"href":"https:\/\/gielas.fi\/en\/wp-json\/wp\/v2\/pages\/2\/revisions"}],"predecessor-version":[{"id":527,"href":"https:\/\/gielas.fi\/en\/wp-json\/wp\/v2\/pages\/2\/revisions\/527"}],"wp:featuredmedia":[{"embeddable":true,"href":"https:\/\/gielas.fi\/en\/wp-json\/wp\/v2\/media\/113"}],"wp:attachment":[{"href":"https:\/\/gielas.fi\/en\/wp-json\/wp\/v2\/media?parent=2"}],"curies":[{"name":"wp","href":"https:\/\/api.w.org\/{rel}","templated":true}]}}