{"id":3,"date":"2023-06-27T15:15:10","date_gmt":"2023-06-27T12:15:10","guid":{"rendered":"https:\/\/gielas.fi\/?page_id=3"},"modified":"2023-07-05T15:11:29","modified_gmt":"2023-07-05T12:11:29","slug":"tietosuojaseloste","status":"publish","type":"page","link":"https:\/\/gielas.fi\/en\/tietosuojaseloste\/","title":{"rendered":"Privacy policy"},"content":{"rendered":"<h2 class=\"wp-block-heading\">Tietosuojaselosteet<\/h2>\n\n\n\n<ul class=\"wp-block-list\">\n<li><a href=\"https:\/\/oma.easygdpr.fi\/file\/public\/privacy-policies\/93715-16755091892\">Asiakasrekisteri<\/a><\/li>\n\n\n\n<li><a href=\"https:\/\/oma.easygdpr.fi\/file\/public\/privacy-policies\/93716-121847234064\">Laskutusrekisteri<\/a><\/li>\n\n\n\n<li><a href=\"https:\/\/oma.easygdpr.fi\/file\/public\/privacy-policies\/93717-969028109105\">S\u00e4hk\u00f6isen viestinn\u00e4n rekisteri<\/a><\/li>\n\n\n\n<li><a href=\"https:\/\/oma.easygdpr.fi\/file\/public\/privacy-policies\/93718-7763678095935\">Prospektit ja potentiaaliset asiakkaat<\/a><\/li>\n<\/ul>\n\n\n\n<p>Muut rekisterit saatavilla pyydett\u00e4ess\u00e4.<\/p>\n\n\n\n<h4 class=\"wp-block-heading\">Rekisterinpit\u00e4j\u00e4<\/h4>\n\n\n\n<p>Pajala Yhti\u00f6t Oy (3107502-1)<br>\u00c4yritie 18<br>01510 Vantaa<br><\/p>\n\n\n\n<h4 class=\"wp-block-heading\">Yhteyshenkil\u00f6 rekisteri\u00e4 koskevissa asioissa<\/h4>\n\n\n\n<p>Petri Kuutti<br>\u00c4yritie 18<br>petri.kuutti@pajala-yhtiot.fi<\/p>\n\n\n\n<p><\/p>","protected":false},"excerpt":{"rendered":"<p>Tietosuojaselosteet Muut rekisterit saatavilla pyydett\u00e4ess\u00e4. Rekisterinpit\u00e4j\u00e4 Pajala Yhti\u00f6t Oy (3107502-1)\u00c4yritie 1801510 Vantaa Yhteyshenkil\u00f6 rekisteri\u00e4 koskevissa asioissa Petri Kuutti\u00c4yritie 18petri.kuutti@pajala-yhtiot.fi<\/p>","protected":false},"author":1,"featured_media":0,"parent":0,"menu_order":0,"comment_status":"closed","ping_status":"open","template":"","meta":{"_acf_changed":false,"footnotes":""},"class_list":["post-3","page","type-page","status-publish","hentry"],"acf":[],"_links":{"self":[{"href":"https:\/\/gielas.fi\/en\/wp-json\/wp\/v2\/pages\/3","targetHints":{"allow":["GET"]}}],"collection":[{"href":"https:\/\/gielas.fi\/en\/wp-json\/wp\/v2\/pages"}],"about":[{"href":"https:\/\/gielas.fi\/en\/wp-json\/wp\/v2\/types\/page"}],"author":[{"embeddable":true,"href":"https:\/\/gielas.fi\/en\/wp-json\/wp\/v2\/users\/1"}],"replies":[{"embeddable":true,"href":"https:\/\/gielas.fi\/en\/wp-json\/wp\/v2\/comments?post=3"}],"version-history":[{"count":0,"href":"https:\/\/gielas.fi\/en\/wp-json\/wp\/v2\/pages\/3\/revisions"}],"wp:attachment":[{"href":"https:\/\/gielas.fi\/en\/wp-json\/wp\/v2\/media?parent=3"}],"curies":[{"name":"wp","href":"https:\/\/api.w.org\/{rel}","templated":true}]}}